{"id":12551,"date":"2023-01-30T15:40:00","date_gmt":"2023-01-30T15:40:00","guid":{"rendered":"https:\/\/armsterinternational.com\/shop\/apoyabrazos-armster-renault-captur-2013-2017-solo-lhd\/"},"modified":"2023-01-30T15:40:00","modified_gmt":"2023-01-30T15:40:00","slug":"apoyabrazos-armster-renault-captur-2013-2017-solo-lhd","status":"publish","type":"product","link":"https:\/\/armsterinternational.com\/es\/shop\/apoyabrazos-armster-renault-captur-2013-2017-solo-lhd\/","title":{"rendered":"Apoyabrazos Armster Renault Captur 2013-2017 (S\u00f3lo LHD)"},"content":{"rendered":"<p>Cada Armster es espec\u00edfico para cada veh\u00edculo y se suministra con su propio adaptador de montaje, tornillos e instrucciones completas de montaje, lo que garantiza que se ajustar\u00e1 perfectamente y de forma segura a la consola central del Captur, a diferencia de los reposabrazos universales m\u00e1s baratos del mercado de accesorios. Todos los modelos Armster tienen una larga garant\u00eda de 3 a\u00f1os, se fabrican seg\u00fan las normas OEM y se fabrican en la UE, lo que lo convierte en el sistema de reposabrazos posventa de mayor \u00e9xito en Europa.<\/p>\n<p><strong>Compatible con los modelos de los a\u00f1os siguientes:<\/strong><br \/>\nRenault Captur 2013-2017<\/p>\n<p><strong><br \/>\nNOTA: S\u00f3lo para veh\u00edculos con volante a la izquierda.<\/strong><\/p>\n<ul>\n<li>Reposabrazos espec\u00edfico para el veh\u00edculo Renault Captur 2013-2017 que garantiza un ajuste perfecto.<\/li>\n<li>Fabricado seg\u00fan especificaciones OEM<\/li>\n<li>F\u00e1cil instalaci\u00f3n<\/li>\n<li>3 a\u00f1os de garant\u00eda<\/li>\n<li>Fabricado en la UE<\/li>\n<\/ul>\n","protected":false},"excerpt":{"rendered":"<p>Reposabrazos central ajustable Renault Captur 2013-2017 (no para coches con Gripxtend)<\/p>\n","protected":false},"featured_media":12546,"template":"","meta":[],"product_brand":[],"product_cat":[2287],"product_tag":[],"class_list":{"0":"post-12551","1":"product","2":"type-product","3":"status-publish","4":"has-post-thumbnail","6":"product_cat-renault","8":"first","9":"onbackorder","10":"taxable","11":"shipping-taxable","12":"purchasable","13":"product-type-composite","14":"prodpage-style3"},"composite_virtual":false,"composite_layout":"single","composite_add_to_cart_form_location":"default","composite_editable_in_cart":false,"composite_sold_individually_context":"product","composite_shop_price_calc":"min_max","composite_components":[{"id":"1670425792","title":"Elija su reposabrazos:","description":"","query_type":"category_ids","query_ids":[2081],"default_option_id":"","thumbnail_id":"","thumbnail_src":"","quantity_min":1,"quantity_max":1,"priced_individually":true,"shipped_individually":false,"optional":false,"discount":"","options_style":"thumbnails","pagination_style":"classic","display_prices":"hidden","show_sorting_options":false,"show_filtering_options":false,"attribute_filter_ids":[],"product_title_visible":true,"product_descr_visible":true,"product_price_visible":true,"product_thumb_visible":true,"subtotal_visible_product":true,"subtotal_visible_cart":true,"subtotal_visible_orders":true}],"composite_scenarios":[],"yoast_head":"<!-- This site is optimized with the Yoast SEO plugin v26.7 - https:\/\/yoast.com\/wordpress\/plugins\/seo\/ -->\n<title>Apoyabrazos Armster Renault Captur 2013-2017 (S\u00f3lo LHD) - Armster UK<\/title>\n<meta name=\"description\" content=\"El reposabrazos ajustable m\u00e1s vendido del Reino Unido para el Renault Captur 2013-2017 (no para coches con Gripxtend). 3 a\u00f1os de garant\u00eda.\" \/>\n<meta name=\"robots\" content=\"index, follow, max-snippet:-1, max-image-preview:large, max-video-preview:-1\" \/>\n<link rel=\"canonical\" href=\"https:\/\/armsterinternational.com\/es\/shop\/apoyabrazos-armster-renault-captur-2013-2017-solo-lhd\/\" \/>\n<meta property=\"og:locale\" content=\"es_ES\" \/>\n<meta property=\"og:type\" content=\"article\" \/>\n<meta property=\"og:title\" content=\"Apoyabrazos Armster Renault Captur 2013-2017 (S\u00f3lo LHD) - Armster UK\" \/>\n<meta property=\"og:description\" content=\"El reposabrazos ajustable m\u00e1s vendido del Reino Unido para el Renault Captur 2013-2017 (no para coches con Gripxtend). 3 a\u00f1os de garant\u00eda.\" \/>\n<meta property=\"og:url\" content=\"https:\/\/armsterinternational.com\/es\/shop\/apoyabrazos-armster-renault-captur-2013-2017-solo-lhd\/\" \/>\n<meta property=\"og:site_name\" content=\"Armster UK\" \/>\n<meta property=\"article:publisher\" content=\"https:\/\/www.facebook.com\/armsteruk\" \/>\n<meta property=\"og:image\" content=\"https:\/\/armsterinternational.com\/wp-content\/uploads\/2022\/11\/armster-armrests-full-range.jpg\" \/>\n\t<meta property=\"og:image:width\" content=\"450\" \/>\n\t<meta property=\"og:image:height\" content=\"625\" \/>\n\t<meta property=\"og:image:type\" content=\"image\/jpeg\" \/>\n<meta name=\"twitter:card\" content=\"summary_large_image\" \/>\n<meta name=\"twitter:site\" content=\"@Armster_UK\" \/>\n<meta name=\"twitter:label1\" content=\"Tiempo de lectura\" \/>\n\t<meta name=\"twitter:data1\" content=\"1 minuto\" \/>\n<script type=\"application\/ld+json\" class=\"yoast-schema-graph\">{\"@context\":\"https:\/\/schema.org\",\"@graph\":[{\"@type\":\"WebPage\",\"@id\":\"https:\/\/armsterinternational.com\/es\/shop\/apoyabrazos-armster-renault-captur-2013-2017-solo-lhd\/\",\"url\":\"https:\/\/armsterinternational.com\/es\/shop\/apoyabrazos-armster-renault-captur-2013-2017-solo-lhd\/\",\"name\":\"Apoyabrazos Armster Renault Captur 2013-2017 (S\u00f3lo LHD) - Armster UK\",\"isPartOf\":{\"@id\":\"https:\/\/armsterinternational.com\/es\/#website\"},\"primaryImageOfPage\":{\"@id\":\"https:\/\/armsterinternational.com\/es\/shop\/apoyabrazos-armster-renault-captur-2013-2017-solo-lhd\/#primaryimage\"},\"image\":{\"@id\":\"https:\/\/armsterinternational.com\/es\/shop\/apoyabrazos-armster-renault-captur-2013-2017-solo-lhd\/#primaryimage\"},\"thumbnailUrl\":\"https:\/\/armsterinternational.com\/wp-content\/uploads\/2022\/11\/armster-armrests-full-range.jpg\",\"datePublished\":\"2023-01-30T15:40:00+00:00\",\"description\":\"El reposabrazos ajustable m\u00e1s vendido del Reino Unido para el Renault Captur 2013-2017 (no para coches con Gripxtend). 3 a\u00f1os de garant\u00eda.\",\"breadcrumb\":{\"@id\":\"https:\/\/armsterinternational.com\/es\/shop\/apoyabrazos-armster-renault-captur-2013-2017-solo-lhd\/#breadcrumb\"},\"inLanguage\":\"es\",\"potentialAction\":[{\"@type\":\"ReadAction\",\"target\":[\"https:\/\/armsterinternational.com\/es\/shop\/apoyabrazos-armster-renault-captur-2013-2017-solo-lhd\/\"]}]},{\"@type\":\"ImageObject\",\"inLanguage\":\"es\",\"@id\":\"https:\/\/armsterinternational.com\/es\/shop\/apoyabrazos-armster-renault-captur-2013-2017-solo-lhd\/#primaryimage\",\"url\":\"https:\/\/armsterinternational.com\/wp-content\/uploads\/2022\/11\/armster-armrests-full-range.jpg\",\"contentUrl\":\"https:\/\/armsterinternational.com\/wp-content\/uploads\/2022\/11\/armster-armrests-full-range.jpg\",\"width\":450,\"height\":625},{\"@type\":\"BreadcrumbList\",\"@id\":\"https:\/\/armsterinternational.com\/es\/shop\/apoyabrazos-armster-renault-captur-2013-2017-solo-lhd\/#breadcrumb\",\"itemListElement\":[{\"@type\":\"ListItem\",\"position\":1,\"name\":\"Home\",\"item\":\"https:\/\/armsterinternational.com\/es\/tienda\/\"},{\"@type\":\"ListItem\",\"position\":2,\"name\":\"Shop\",\"item\":\"https:\/\/armsterinternational.com\/\"},{\"@type\":\"ListItem\",\"position\":3,\"name\":\"Apoyabrazos Armster Renault Captur 2013-2017 (S\u00f3lo LHD)\"}]},{\"@type\":\"WebSite\",\"@id\":\"https:\/\/armsterinternational.com\/es\/#website\",\"url\":\"https:\/\/armsterinternational.com\/es\/\",\"name\":\"Armster UK\",\"description\":\"Armster Vehicle Armrests\",\"potentialAction\":[{\"@type\":\"SearchAction\",\"target\":{\"@type\":\"EntryPoint\",\"urlTemplate\":\"https:\/\/armsterinternational.com\/es\/?s={search_term_string}\"},\"query-input\":{\"@type\":\"PropertyValueSpecification\",\"valueRequired\":true,\"valueName\":\"search_term_string\"}}],\"inLanguage\":\"es\"}]}<\/script>\n<!-- \/ Yoast SEO plugin. -->","yoast_head_json":{"title":"Apoyabrazos Armster Renault Captur 2013-2017 (S\u00f3lo LHD) - Armster UK","description":"El reposabrazos ajustable m\u00e1s vendido del Reino Unido para el Renault Captur 2013-2017 (no para coches con Gripxtend). 3 a\u00f1os de garant\u00eda.","robots":{"index":"index","follow":"follow","max-snippet":"max-snippet:-1","max-image-preview":"max-image-preview:large","max-video-preview":"max-video-preview:-1"},"canonical":"https:\/\/armsterinternational.com\/es\/shop\/apoyabrazos-armster-renault-captur-2013-2017-solo-lhd\/","og_locale":"es_ES","og_type":"article","og_title":"Apoyabrazos Armster Renault Captur 2013-2017 (S\u00f3lo LHD) - Armster UK","og_description":"El reposabrazos ajustable m\u00e1s vendido del Reino Unido para el Renault Captur 2013-2017 (no para coches con Gripxtend). 3 a\u00f1os de garant\u00eda.","og_url":"https:\/\/armsterinternational.com\/es\/shop\/apoyabrazos-armster-renault-captur-2013-2017-solo-lhd\/","og_site_name":"Armster UK","article_publisher":"https:\/\/www.facebook.com\/armsteruk","og_image":[{"width":450,"height":625,"url":"https:\/\/armsterinternational.com\/wp-content\/uploads\/2022\/11\/armster-armrests-full-range.jpg","type":"image\/jpeg"}],"twitter_card":"summary_large_image","twitter_site":"@Armster_UK","twitter_misc":{"Tiempo de lectura":"1 minuto"},"schema":{"@context":"https:\/\/schema.org","@graph":[{"@type":"WebPage","@id":"https:\/\/armsterinternational.com\/es\/shop\/apoyabrazos-armster-renault-captur-2013-2017-solo-lhd\/","url":"https:\/\/armsterinternational.com\/es\/shop\/apoyabrazos-armster-renault-captur-2013-2017-solo-lhd\/","name":"Apoyabrazos Armster Renault Captur 2013-2017 (S\u00f3lo LHD) - Armster UK","isPartOf":{"@id":"https:\/\/armsterinternational.com\/es\/#website"},"primaryImageOfPage":{"@id":"https:\/\/armsterinternational.com\/es\/shop\/apoyabrazos-armster-renault-captur-2013-2017-solo-lhd\/#primaryimage"},"image":{"@id":"https:\/\/armsterinternational.com\/es\/shop\/apoyabrazos-armster-renault-captur-2013-2017-solo-lhd\/#primaryimage"},"thumbnailUrl":"https:\/\/armsterinternational.com\/wp-content\/uploads\/2022\/11\/armster-armrests-full-range.jpg","datePublished":"2023-01-30T15:40:00+00:00","description":"El reposabrazos ajustable m\u00e1s vendido del Reino Unido para el Renault Captur 2013-2017 (no para coches con Gripxtend). 3 a\u00f1os de garant\u00eda.","breadcrumb":{"@id":"https:\/\/armsterinternational.com\/es\/shop\/apoyabrazos-armster-renault-captur-2013-2017-solo-lhd\/#breadcrumb"},"inLanguage":"es","potentialAction":[{"@type":"ReadAction","target":["https:\/\/armsterinternational.com\/es\/shop\/apoyabrazos-armster-renault-captur-2013-2017-solo-lhd\/"]}]},{"@type":"ImageObject","inLanguage":"es","@id":"https:\/\/armsterinternational.com\/es\/shop\/apoyabrazos-armster-renault-captur-2013-2017-solo-lhd\/#primaryimage","url":"https:\/\/armsterinternational.com\/wp-content\/uploads\/2022\/11\/armster-armrests-full-range.jpg","contentUrl":"https:\/\/armsterinternational.com\/wp-content\/uploads\/2022\/11\/armster-armrests-full-range.jpg","width":450,"height":625},{"@type":"BreadcrumbList","@id":"https:\/\/armsterinternational.com\/es\/shop\/apoyabrazos-armster-renault-captur-2013-2017-solo-lhd\/#breadcrumb","itemListElement":[{"@type":"ListItem","position":1,"name":"Home","item":"https:\/\/armsterinternational.com\/es\/tienda\/"},{"@type":"ListItem","position":2,"name":"Shop","item":"https:\/\/armsterinternational.com\/"},{"@type":"ListItem","position":3,"name":"Apoyabrazos Armster Renault Captur 2013-2017 (S\u00f3lo LHD)"}]},{"@type":"WebSite","@id":"https:\/\/armsterinternational.com\/es\/#website","url":"https:\/\/armsterinternational.com\/es\/","name":"Armster UK","description":"Armster Vehicle Armrests","potentialAction":[{"@type":"SearchAction","target":{"@type":"EntryPoint","urlTemplate":"https:\/\/armsterinternational.com\/es\/?s={search_term_string}"},"query-input":{"@type":"PropertyValueSpecification","valueRequired":true,"valueName":"search_term_string"}}],"inLanguage":"es"}]}},"_links":{"self":[{"href":"https:\/\/armsterinternational.com\/es\/wp-json\/wp\/v2\/product\/12551","targetHints":{"allow":["GET"]}}],"collection":[{"href":"https:\/\/armsterinternational.com\/es\/wp-json\/wp\/v2\/product"}],"about":[{"href":"https:\/\/armsterinternational.com\/es\/wp-json\/wp\/v2\/types\/product"}],"wp:featuredmedia":[{"embeddable":true,"href":"https:\/\/armsterinternational.com\/es\/wp-json\/wp\/v2\/media\/12546"}],"wp:attachment":[{"href":"https:\/\/armsterinternational.com\/es\/wp-json\/wp\/v2\/media?parent=12551"}],"wp:term":[{"taxonomy":"product_brand","embeddable":true,"href":"https:\/\/armsterinternational.com\/es\/wp-json\/wp\/v2\/product_brand?post=12551"},{"taxonomy":"product_cat","embeddable":true,"href":"https:\/\/armsterinternational.com\/es\/wp-json\/wp\/v2\/product_cat?post=12551"},{"taxonomy":"product_tag","embeddable":true,"href":"https:\/\/armsterinternational.com\/es\/wp-json\/wp\/v2\/product_tag?post=12551"}],"curies":[{"name":"wp","href":"https:\/\/api.w.org\/{rel}","templated":true}]}}