{"id":12556,"date":"2022-09-30T10:13:58","date_gmt":"2022-09-30T09:13:58","guid":{"rendered":"https:\/\/armsterinternational.com\/shop\/apoyabrazos-armster-2-negro-con-bolsillo\/"},"modified":"2022-09-30T10:13:58","modified_gmt":"2022-09-30T09:13:58","slug":"apoyabrazos-armster-2-negro-con-bolsillo","status":"publish","type":"product","link":"https:\/\/armsterinternational.com\/es\/shop\/apoyabrazos-armster-2-negro-con-bolsillo\/","title":{"rendered":"Apoyabrazos Armster 2 Negro con bolsillo"},"content":{"rendered":"<p>Armster 2 es la \u00faltima generaci\u00f3n de reposabrazos de calidad superior. Construido con un alto nivel de calidad, con un mecanismo interior de metal para mejorar la resistencia y la robustez. Totalmente ajustable en 3 posiciones de altura y parte superior deslizante de polipiel acolchada extensible para mayor comodidad. En el interior hay una zona de almacenamiento forrada de fieltro de calidad con un soporte para bol\u00edgrafos y monedas, ideal para mantener el espacio de la cabina despejado. Como ventaja adicional, el Armster 2 tambi\u00e9n incluye la innovadora funci\u00f3n \u00abbolsillo port\u00e1til\u00bb, que puede extraerse del reposabrazos y llevarse con usted. Cuando no se utiliza, el reposabrazos y puede inclinarse hacia atr\u00e1s entre los asientos delanteros.&nbsp;<\/p>\n<p>Cada Armster es espec\u00edfico del veh\u00edculo y se suministra con su propio adaptador de montaje, tornillos e instrucciones completas de montaje, lo que garantiza que se ajustar\u00e1 perfectamente y de forma segura a la consola central, a diferencia de los reposabrazos universales m\u00e1s baratos del mercado de accesorios. Todos los modelos Armster tienen una larga garant\u00eda de 3 a\u00f1os, se fabrican seg\u00fan las normas OEM y se fabrican en la UE, lo que lo convierte en el sistema de reposabrazos posventa de mayor \u00e9xito en Europa.<\/p>\n<ul>\n<li>Fabricado seg\u00fan especificaciones OEM<\/li>\n<li>Reposabrazos extensible<\/li>\n<li>Ajuste de altura en 3 posiciones<\/li>\n<li>Soporte para monedas y bol\u00edgrafos<\/li>\n<li>F\u00e1cil instalaci\u00f3n<\/li>\n<li>3 a\u00f1os de garant\u00eda<\/li>\n<li>Fabricado en la UE<\/li>\n<\/ul>\n","protected":false},"excerpt":{"rendered":"<p>Apoyabrazos central Armster 2<\/p>\n","protected":false},"featured_media":12557,"template":"","meta":[],"product_brand":[],"product_cat":[2289],"product_tag":[],"class_list":{"0":"post-12556","1":"product","2":"type-product","3":"status-publish","4":"has-post-thumbnail","6":"product_cat-reposabrazos-superiores","7":"pa_brand-armster","9":"first","10":"instock","11":"taxable","12":"shipping-taxable","13":"purchasable","14":"product-type-simple","15":"prodpage-style3"},"composite_virtual":false,"composite_layout":"","composite_add_to_cart_form_location":"","composite_editable_in_cart":false,"composite_sold_individually_context":"","composite_shop_price_calc":"","composite_components":[],"composite_scenarios":[],"yoast_head":"<!-- This site is optimized with the Yoast SEO plugin v26.7 - https:\/\/yoast.com\/wordpress\/plugins\/seo\/ -->\n<title>Apoyabrazos Armster 2 Negro con bolsillo - Armster UK<\/title>\n<meta name=\"robots\" content=\"index, follow, max-snippet:-1, max-image-preview:large, max-video-preview:-1\" \/>\n<link rel=\"canonical\" href=\"https:\/\/armsterinternational.com\/es\/shop\/apoyabrazos-armster-2-negro-con-bolsillo\/\" \/>\n<meta property=\"og:locale\" content=\"es_ES\" \/>\n<meta property=\"og:type\" content=\"article\" \/>\n<meta property=\"og:title\" content=\"Apoyabrazos Armster 2 Negro con bolsillo - Armster UK\" \/>\n<meta property=\"og:description\" content=\"Apoyabrazos central Armster 2\" \/>\n<meta property=\"og:url\" content=\"https:\/\/armsterinternational.com\/es\/shop\/apoyabrazos-armster-2-negro-con-bolsillo\/\" \/>\n<meta property=\"og:site_name\" content=\"Armster UK\" \/>\n<meta property=\"article:publisher\" content=\"https:\/\/www.facebook.com\/armsteruk\" \/>\n<meta property=\"og:image\" content=\"https:\/\/armsterinternational.com\/wp-content\/uploads\/2016\/02\/armster-2-armrest-black-00.jpg\" \/>\n\t<meta property=\"og:image:width\" content=\"700\" \/>\n\t<meta property=\"og:image:height\" content=\"700\" \/>\n\t<meta property=\"og:image:type\" content=\"image\/jpeg\" \/>\n<meta name=\"twitter:card\" content=\"summary_large_image\" \/>\n<meta name=\"twitter:site\" content=\"@Armster_UK\" \/>\n<meta name=\"twitter:label1\" content=\"Tiempo de lectura\" \/>\n\t<meta name=\"twitter:data1\" content=\"1 minuto\" \/>\n<script type=\"application\/ld+json\" class=\"yoast-schema-graph\">{\"@context\":\"https:\/\/schema.org\",\"@graph\":[{\"@type\":\"WebPage\",\"@id\":\"https:\/\/armsterinternational.com\/es\/shop\/apoyabrazos-armster-2-negro-con-bolsillo\/\",\"url\":\"https:\/\/armsterinternational.com\/es\/shop\/apoyabrazos-armster-2-negro-con-bolsillo\/\",\"name\":\"Apoyabrazos Armster 2 Negro con bolsillo - Armster UK\",\"isPartOf\":{\"@id\":\"https:\/\/armsterinternational.com\/es\/#website\"},\"primaryImageOfPage\":{\"@id\":\"https:\/\/armsterinternational.com\/es\/shop\/apoyabrazos-armster-2-negro-con-bolsillo\/#primaryimage\"},\"image\":{\"@id\":\"https:\/\/armsterinternational.com\/es\/shop\/apoyabrazos-armster-2-negro-con-bolsillo\/#primaryimage\"},\"thumbnailUrl\":\"https:\/\/armsterinternational.com\/wp-content\/uploads\/2016\/02\/armster-2-armrest-black-00.jpg\",\"datePublished\":\"2022-09-30T09:13:58+00:00\",\"breadcrumb\":{\"@id\":\"https:\/\/armsterinternational.com\/es\/shop\/apoyabrazos-armster-2-negro-con-bolsillo\/#breadcrumb\"},\"inLanguage\":\"es\",\"potentialAction\":[{\"@type\":\"ReadAction\",\"target\":[\"https:\/\/armsterinternational.com\/es\/shop\/apoyabrazos-armster-2-negro-con-bolsillo\/\"]}]},{\"@type\":\"ImageObject\",\"inLanguage\":\"es\",\"@id\":\"https:\/\/armsterinternational.com\/es\/shop\/apoyabrazos-armster-2-negro-con-bolsillo\/#primaryimage\",\"url\":\"https:\/\/armsterinternational.com\/wp-content\/uploads\/2016\/02\/armster-2-armrest-black-00.jpg\",\"contentUrl\":\"https:\/\/armsterinternational.com\/wp-content\/uploads\/2016\/02\/armster-2-armrest-black-00.jpg\",\"width\":700,\"height\":700},{\"@type\":\"BreadcrumbList\",\"@id\":\"https:\/\/armsterinternational.com\/es\/shop\/apoyabrazos-armster-2-negro-con-bolsillo\/#breadcrumb\",\"itemListElement\":[{\"@type\":\"ListItem\",\"position\":1,\"name\":\"Home\",\"item\":\"https:\/\/armsterinternational.com\/es\/tienda\/\"},{\"@type\":\"ListItem\",\"position\":2,\"name\":\"Shop\",\"item\":\"https:\/\/armsterinternational.com\/\"},{\"@type\":\"ListItem\",\"position\":3,\"name\":\"Apoyabrazos Armster 2 Negro con bolsillo\"}]},{\"@type\":\"WebSite\",\"@id\":\"https:\/\/armsterinternational.com\/es\/#website\",\"url\":\"https:\/\/armsterinternational.com\/es\/\",\"name\":\"Armster UK\",\"description\":\"Armster Vehicle Armrests\",\"potentialAction\":[{\"@type\":\"SearchAction\",\"target\":{\"@type\":\"EntryPoint\",\"urlTemplate\":\"https:\/\/armsterinternational.com\/es\/?s={search_term_string}\"},\"query-input\":{\"@type\":\"PropertyValueSpecification\",\"valueRequired\":true,\"valueName\":\"search_term_string\"}}],\"inLanguage\":\"es\"}]}<\/script>\n<!-- \/ Yoast SEO plugin. -->","yoast_head_json":{"title":"Apoyabrazos Armster 2 Negro con bolsillo - Armster UK","robots":{"index":"index","follow":"follow","max-snippet":"max-snippet:-1","max-image-preview":"max-image-preview:large","max-video-preview":"max-video-preview:-1"},"canonical":"https:\/\/armsterinternational.com\/es\/shop\/apoyabrazos-armster-2-negro-con-bolsillo\/","og_locale":"es_ES","og_type":"article","og_title":"Apoyabrazos Armster 2 Negro con bolsillo - Armster UK","og_description":"Apoyabrazos central Armster 2","og_url":"https:\/\/armsterinternational.com\/es\/shop\/apoyabrazos-armster-2-negro-con-bolsillo\/","og_site_name":"Armster UK","article_publisher":"https:\/\/www.facebook.com\/armsteruk","og_image":[{"width":700,"height":700,"url":"https:\/\/armsterinternational.com\/wp-content\/uploads\/2016\/02\/armster-2-armrest-black-00.jpg","type":"image\/jpeg"}],"twitter_card":"summary_large_image","twitter_site":"@Armster_UK","twitter_misc":{"Tiempo de lectura":"1 minuto"},"schema":{"@context":"https:\/\/schema.org","@graph":[{"@type":"WebPage","@id":"https:\/\/armsterinternational.com\/es\/shop\/apoyabrazos-armster-2-negro-con-bolsillo\/","url":"https:\/\/armsterinternational.com\/es\/shop\/apoyabrazos-armster-2-negro-con-bolsillo\/","name":"Apoyabrazos Armster 2 Negro con bolsillo - Armster UK","isPartOf":{"@id":"https:\/\/armsterinternational.com\/es\/#website"},"primaryImageOfPage":{"@id":"https:\/\/armsterinternational.com\/es\/shop\/apoyabrazos-armster-2-negro-con-bolsillo\/#primaryimage"},"image":{"@id":"https:\/\/armsterinternational.com\/es\/shop\/apoyabrazos-armster-2-negro-con-bolsillo\/#primaryimage"},"thumbnailUrl":"https:\/\/armsterinternational.com\/wp-content\/uploads\/2016\/02\/armster-2-armrest-black-00.jpg","datePublished":"2022-09-30T09:13:58+00:00","breadcrumb":{"@id":"https:\/\/armsterinternational.com\/es\/shop\/apoyabrazos-armster-2-negro-con-bolsillo\/#breadcrumb"},"inLanguage":"es","potentialAction":[{"@type":"ReadAction","target":["https:\/\/armsterinternational.com\/es\/shop\/apoyabrazos-armster-2-negro-con-bolsillo\/"]}]},{"@type":"ImageObject","inLanguage":"es","@id":"https:\/\/armsterinternational.com\/es\/shop\/apoyabrazos-armster-2-negro-con-bolsillo\/#primaryimage","url":"https:\/\/armsterinternational.com\/wp-content\/uploads\/2016\/02\/armster-2-armrest-black-00.jpg","contentUrl":"https:\/\/armsterinternational.com\/wp-content\/uploads\/2016\/02\/armster-2-armrest-black-00.jpg","width":700,"height":700},{"@type":"BreadcrumbList","@id":"https:\/\/armsterinternational.com\/es\/shop\/apoyabrazos-armster-2-negro-con-bolsillo\/#breadcrumb","itemListElement":[{"@type":"ListItem","position":1,"name":"Home","item":"https:\/\/armsterinternational.com\/es\/tienda\/"},{"@type":"ListItem","position":2,"name":"Shop","item":"https:\/\/armsterinternational.com\/"},{"@type":"ListItem","position":3,"name":"Apoyabrazos Armster 2 Negro con bolsillo"}]},{"@type":"WebSite","@id":"https:\/\/armsterinternational.com\/es\/#website","url":"https:\/\/armsterinternational.com\/es\/","name":"Armster UK","description":"Armster Vehicle Armrests","potentialAction":[{"@type":"SearchAction","target":{"@type":"EntryPoint","urlTemplate":"https:\/\/armsterinternational.com\/es\/?s={search_term_string}"},"query-input":{"@type":"PropertyValueSpecification","valueRequired":true,"valueName":"search_term_string"}}],"inLanguage":"es"}]}},"_links":{"self":[{"href":"https:\/\/armsterinternational.com\/es\/wp-json\/wp\/v2\/product\/12556","targetHints":{"allow":["GET"]}}],"collection":[{"href":"https:\/\/armsterinternational.com\/es\/wp-json\/wp\/v2\/product"}],"about":[{"href":"https:\/\/armsterinternational.com\/es\/wp-json\/wp\/v2\/types\/product"}],"wp:featuredmedia":[{"embeddable":true,"href":"https:\/\/armsterinternational.com\/es\/wp-json\/wp\/v2\/media\/12557"}],"wp:attachment":[{"href":"https:\/\/armsterinternational.com\/es\/wp-json\/wp\/v2\/media?parent=12556"}],"wp:term":[{"taxonomy":"product_brand","embeddable":true,"href":"https:\/\/armsterinternational.com\/es\/wp-json\/wp\/v2\/product_brand?post=12556"},{"taxonomy":"product_cat","embeddable":true,"href":"https:\/\/armsterinternational.com\/es\/wp-json\/wp\/v2\/product_cat?post=12556"},{"taxonomy":"product_tag","embeddable":true,"href":"https:\/\/armsterinternational.com\/es\/wp-json\/wp\/v2\/product_tag?post=12556"}],"curies":[{"name":"wp","href":"https:\/\/api.w.org\/{rel}","templated":true}]}}